{"id":247,"date":"2019-01-01T08:08:35","date_gmt":"2019-01-01T08:08:35","guid":{"rendered":"http:\/\/wedesignthemes.com\/themes\/dummy-soulmedic\/?page_id=62"},"modified":"2024-10-22T17:59:53","modified_gmt":"2024-10-22T21:59:53","slug":"appointments","status":"publish","type":"page","link":"https:\/\/edynmedspa.com\/en\/appointments\/","title":{"rendered":"Appointments"},"content":{"rendered":"<div class=\"wpb-content-wrapper\"><div class=\"vc_row wpb_row vc_row-fluid\"><div class=\"rs_col-sm-7 wpb_column vc_column_container vc_col-sm-8\"><div class=\"vc_column-inner vc_custom_1724357542932\"><div class=\"wpb_wrapper\"><h3>Book your appointment with us today!<\/h3><div class=\"vc_empty_space\"   style=\"height: 32px\"><span class=\"vc_empty_space_inner\"><\/span><\/div>\n\t<div class=\"wpb_raw_code wpb_raw_html wpb_content_element\" >\n\t\t<div class=\"wpb_wrapper\">\n\t\t\t<!--\nPlugin Name: Bookly \u2013 Responsive WordPress Appointment Booking and Scheduling Plugin\nPlugin URI: https:\/\/www.booking-wp-plugin.com\/?utm_source=bookly_admin&utm_medium=plugins_page&utm_campaign=plugins_page\nVersion: 24.8-->\n<style type=\"text\/css\">\n    :root {\n        --bookly-main-color: #40e0d0 !important;\n        --bookly-color: #40e0d0 !important;\n    }\n\n    <\/style><div class=\"bookly-css-root\">\n    <div id=\"bookly-form-69e0633323289\" class=\"bookly-form\" data-form_id=\"69e0633323289\" aria-live=\"polite\">\n        <div style=\"text-align: center\"><img decoding=\"async\" src=\"https:\/\/edynmedspa.com\/wp-includes\/js\/tinymce\/skins\/lightgray\/img\/loader.gif\" alt=\"Loading...\"\/><\/div>\n    <\/div>\n<\/div>\n    <div class=\"powered-by-bookly\">Powered by        <a href=\"https:\/\/www.booking-wp-plugin.com\/?utm_source=referral&utm_medium=booking_widget\" target=\"_blank\">Bookly<\/a> \u2014\n        <a href=\"https:\/\/www.booking-wp-plugin.com\/?utm_source=referral&utm_medium=booking_widget\" target=\"_blank\">WordPress Booking Plugin<\/a>\n    <\/div>\n<script type=\"text\/javascript\">\n    (function (win, fn) {\n        var done = false, top = true,\n            doc = win.document,\n            root = doc.documentElement,\n            modern = doc.addEventListener,\n            add = modern ? 'addEventListener' : 'attachEvent',\n            rem = modern ? 'removeEventListener' : 'detachEvent',\n            pre = modern ? '' : 'on',\n            init = function (e) {\n                if (e.type == 'readystatechange') if (doc.readyState != 'complete') return;\n                (e.type == 'load' ? win : doc)[rem](pre + e.type, init, false);\n                if (!done) {\n                    done = true;\n                    fn.call(win, e.type || e);\n                }\n            },\n            poll = function () {\n                try {\n                    root.doScroll('left');\n                } catch (e) {\n                    setTimeout(poll, 50);\n                    return;\n                }\n                init('poll');\n            };\n        if (doc.readyState == 'complete') fn.call(win, 'lazy');\n        else {\n            if (!modern) if (root.doScroll) {\n                try {\n                    top = !win.frameElement;\n                } catch (e) {\n                }\n                if (top) poll();\n            }\n            doc[add](pre + 'DOMContentLoaded', init, false);\n            doc[add](pre + 'readystatechange', init, false);\n            win[add](pre + 'load', init, false);\n        }\n    })(window, function () {\n        window.bookly( {\"form_id\":\"69e0633323289\",\"status\":{\"booking\":\"new\"},\"skip_steps\":{\"service_part1\":0,\"service_part2\":0,\"extras\":1,\"time\":0,\"repeat\":1,\"cart\":1},\"errors\":{\"session_error\":\"Session error.\",\"form_id_error\":\"Form ID error.\",\"cart_item_not_available\":\"La hora seleccionada ya no est\\u00e1 disponible. Por favor elije otra ranura de hora.\",\"pay_locally_not_available\":\"Pay locally is not available.\",\"invalid_gateway\":\"Invalid gateway.\",\"payment_error\":\"Error.\",\"incorrect_username_password\":\"Incorrect username or password.\"},\"form_attributes\":{\"hide_categories\":false,\"hide_services\":false,\"hide_staff_members\":false,\"show_number_of_persons\":false,\"hide_service_duration\":true,\"hide_locations\":true,\"hide_quantity\":true,\"hide_date\":false,\"hide_week_days\":false,\"hide_time_range\":false},\"use_client_time_zone\":0,\"defaults\":{\"service_id\":0,\"staff_id\":0,\"location_id\":0,\"category_id\":0},\"datepicker_mode\":\"text-accent\",\"facebook\":{\"enabled\":0,\"appId\":\"\"}} );\n    });\n<\/script>\n\t\t<\/div>\n\t<\/div>\n<\/div><\/div><\/div><div class=\"rs_col-sm-5 wpb_column vc_column_container vc_col-sm-4\"><div class=\"vc_column-inner\"><div class=\"wpb_wrapper\"><h3>Contact Information<\/h3><div class=\"vc_row wpb_row vc_inner vc_row-fluid spalab_contactinfo\"><div class=\"wpb_column vc_column_container vc_col-sm-12\"><div class=\"vc_column-inner\"><div class=\"wpb_wrapper\"><div class='dt-sc-contact-info'><span class='fa fa-phone'> <\/span><strong>Phone :<\/strong> <a href=\"tel:13059007083\">+1 305 900 7083<\/a><\/div><div class='dt-sc-contact-info'><span class='fa fa-envelope'> <\/span><strong>Email<\/strong> :\u00a0<a href=\"mailto:hello@edynmedspa.com\">hello@edynmedspa.com<\/a><\/div><\/div><\/div><\/div><\/div><div id=\"1540550123778-513e6aed-f484\" class=\"dt-sc-empty-space\"><\/div><h3>How we may help you<\/h3><div class='dt-sc-toggle-frame-set'><h5 class='dt-sc-toggle-accordion'><a href='#'>How do I know if my appointment is confirmed?<\/a><\/h5><div class=\"dt-sc-toggle-content\" style=\"display: none;\"><div class=\"block\"><div class=\"wpb_text_column wpb_content_element  vc_custom_1718209227105\" >\r\n\t\t<div class=\"wpb_wrapper\">\r\n\t\t\t<p>We will contact you to confirm the date and time of your appointment.<\/p>\n\r\n\t\t<\/div>\r\n\t<\/div><\/div><\/div><h5 class='dt-sc-toggle-accordion'><a href='#'>Do I need to pay a deposit to reserve my appointment?<\/a><\/h5><div class=\"dt-sc-toggle-content\" style=\"display: none;\"><div class=\"block\"><div class=\"wpb_text_column wpb_content_element  vc_custom_1729634391487\" >\r\n\t\t<div class=\"wpb_wrapper\">\r\n\t\t\t<p>Yes, a deposit is required to reserve your appointment, which will be deducted from the total price of the service once completed.<\/p>\n\r\n\t\t<\/div>\r\n\t<\/div><\/div><\/div><h5 class='dt-sc-toggle-accordion'><a href='#'>Can I lose my deposit?<\/a><\/h5><div class=\"dt-sc-toggle-content\" style=\"display: none;\"><div class=\"block\"><div class=\"wpb_text_column wpb_content_element  vc_custom_1718209290573\" >\r\n\t\t<div class=\"wpb_wrapper\">\r\n\t\t\t<p>Yes, if you do not contact us at least 24 hours before to reschedule or cancel your appointment, you will lose the $50 deposit.<\/p>\n\r\n\t\t<\/div>\r\n\t<\/div><\/div><\/div><\/div><div id=\"1540550186858-da4a872a-eaed\" class=\"dt-sc-empty-space\"><\/div><h3>A place to love yourself<\/h3>\n\t<div  class=\"wpb_single_image wpb_content_element vc_align_left wpb_content_element\">\n\t\t\n\t\t<figure class=\"wpb_wrapper vc_figure\">\n\t\t\t<div class=\"vc_single_image-wrapper   vc_box_border_grey\"><img loading=\"lazy\" decoding=\"async\" width=\"700\" height=\"400\" src=\"https:\/\/edynmedspa.com\/wp-content\/uploads\/2019\/01\/ofert-edyn-med-spa.png\" class=\"vc_single_image-img attachment-full\" alt=\"promo edyn med spa\" title=\"ofert edyn med spa\" srcset=\"https:\/\/edynmedspa.com\/wp-content\/uploads\/2019\/01\/ofert-edyn-med-spa.png 700w, https:\/\/edynmedspa.com\/wp-content\/uploads\/2019\/01\/ofert-edyn-med-spa-300x171.png 300w, https:\/\/edynmedspa.com\/wp-content\/uploads\/2019\/01\/ofert-edyn-med-spa-540x309.png 540w\" sizes=\"auto, (max-width: 700px) 100vw, 700px\" \/><\/div>\n\t\t<\/figure>\n\t<\/div>\n<\/div><\/div><\/div><\/div><div class=\"vc_row wpb_row vc_row-fluid\"><div class=\"wpb_column vc_column_container vc_col-sm-12\"><div class=\"vc_column-inner\"><div class=\"wpb_wrapper\"><div id=\"1540540835918-f80a6c11-392f\" class=\"dt-sc-empty-space\"><\/div><\/div><\/div><\/div><\/div>\n<\/div>","protected":false},"excerpt":{"rendered":"\u00a1Reserva tu cita con nosotros hoy mismo! Powered by Bookly \u2014 WordPress Booking Plugin Informaci\u00f3n de Contacto Phone : +1 305 900 7083 Email :\u00a0hello@edynmedspa.comHow we may help you\u00bfC\u00f3mo s\u00e9 si mi cita est\u00e1 confirmada? Nos pondremos en contacto contigo para confirmar la fecha y hora de tu cita. \u00bfTengo que pagar un dep\u00f3sito para [...]","protected":false},"author":1,"featured_media":0,"parent":0,"menu_order":0,"comment_status":"open","ping_status":"closed","template":"","meta":{"footnotes":""},"class_list":["post-247","page","type-page","status-publish","hentry"],"yoast_head":"<!-- This site is optimized with the Yoast SEO plugin v23.1 - https:\/\/yoast.com\/wordpress\/plugins\/seo\/ -->\n<title>Reserva Tu Cita en Edyn Med Spa - Spa en Miami<\/title>\n<meta name=\"description\" content=\"Reserva tu cita en Edyn Med Spa, Miami. Usa nuestro sistema f\u00e1cil para agendar tratamientos de spa y belleza\" \/>\n<meta name=\"robots\" content=\"index, follow, max-snippet:-1, max-image-preview:large, max-video-preview:-1\" \/>\n<link rel=\"canonical\" href=\"https:\/\/www.edynmedspa.com\/appointments\/\" \/>\n<meta property=\"og:locale\" content=\"en_US\" \/>\n<meta property=\"og:type\" content=\"article\" \/>\n<meta property=\"og:title\" content=\"Reserva Tu Cita en Edyn Med Spa - Spa en Miami\" \/>\n<meta property=\"og:description\" content=\"Reserva tu cita en Edyn Med Spa, Miami. Usa nuestro sistema f\u00e1cil para agendar tratamientos de spa y belleza\" \/>\n<meta property=\"og:url\" content=\"https:\/\/www.edynmedspa.com\/appointments\/\" \/>\n<meta property=\"og:site_name\" content=\"Edyn Med Spa\" \/>\n<meta property=\"article:modified_time\" content=\"2024-10-22T21:59:53+00:00\" \/>\n<meta name=\"twitter:card\" content=\"summary_large_image\" \/>\n<meta name=\"twitter:label1\" content=\"Est. reading time\" \/>\n\t<meta name=\"twitter:data1\" content=\"2 minutes\" \/>\n<script type=\"application\/ld+json\" class=\"yoast-schema-graph\">{\"@context\":\"https:\/\/schema.org\",\"@graph\":[{\"@type\":[\"WebPage\",\"ContactPage\"],\"@id\":\"https:\/\/www.edynmedspa.com\/appointments\/\",\"url\":\"https:\/\/www.edynmedspa.com\/appointments\/\",\"name\":\"Reserva Tu Cita en Edyn Med Spa - Spa en Miami\",\"isPartOf\":{\"@id\":\"http:\/\/3.139.229.218\/en\/#website\"},\"datePublished\":\"2019-01-01T08:08:35+00:00\",\"dateModified\":\"2024-10-22T21:59:53+00:00\",\"description\":\"Reserva tu cita en Edyn Med Spa, Miami. Usa nuestro sistema f\u00e1cil para agendar tratamientos de spa y belleza\",\"breadcrumb\":{\"@id\":\"https:\/\/www.edynmedspa.com\/appointments\/#breadcrumb\"},\"inLanguage\":\"en-US\",\"potentialAction\":[{\"@type\":\"ReadAction\",\"target\":[\"https:\/\/www.edynmedspa.com\/appointments\/\"]}]},{\"@type\":\"BreadcrumbList\",\"@id\":\"https:\/\/www.edynmedspa.com\/appointments\/#breadcrumb\",\"itemListElement\":[{\"@type\":\"ListItem\",\"position\":1,\"name\":\"Portada\",\"item\":\"http:\/\/3.139.229.218\/en\/\"},{\"@type\":\"ListItem\",\"position\":2,\"name\":\"Appointments\"}]},{\"@type\":\"WebSite\",\"@id\":\"http:\/\/3.139.229.218\/en\/#website\",\"url\":\"http:\/\/3.139.229.218\/en\/\",\"name\":\"Edyn Med Spa\",\"description\":\"Edyn Med Spa Miami\",\"publisher\":{\"@id\":\"http:\/\/3.139.229.218\/en\/#organization\"},\"potentialAction\":[{\"@type\":\"SearchAction\",\"target\":{\"@type\":\"EntryPoint\",\"urlTemplate\":\"http:\/\/3.139.229.218\/en\/?s={search_term_string}\"},\"query-input\":\"required name=search_term_string\"}],\"inLanguage\":\"en-US\"},{\"@type\":\"Organization\",\"@id\":\"http:\/\/3.139.229.218\/en\/#organization\",\"name\":\"Edyn Med Spa\",\"url\":\"http:\/\/3.139.229.218\/en\/\",\"logo\":{\"@type\":\"ImageObject\",\"inLanguage\":\"en-US\",\"@id\":\"http:\/\/3.139.229.218\/en\/#\/schema\/logo\/image\/\",\"url\":\"https:\/\/edynmedspa.com\/wp-content\/uploads\/2018\/10\/edyn_med_spa_color-1-removebg-preview.png\",\"contentUrl\":\"https:\/\/edynmedspa.com\/wp-content\/uploads\/2018\/10\/edyn_med_spa_color-1-removebg-preview.png\",\"width\":500,\"height\":500,\"caption\":\"Edyn Med Spa\"},\"image\":{\"@id\":\"http:\/\/3.139.229.218\/en\/#\/schema\/logo\/image\/\"}}]}<\/script>\n<!-- \/ Yoast SEO plugin. -->","yoast_head_json":{"title":"Reserva Tu Cita en Edyn Med Spa - Spa en Miami","description":"Reserva tu cita en Edyn Med Spa, Miami. Usa nuestro sistema f\u00e1cil para agendar tratamientos de spa y belleza","robots":{"index":"index","follow":"follow","max-snippet":"max-snippet:-1","max-image-preview":"max-image-preview:large","max-video-preview":"max-video-preview:-1"},"canonical":"https:\/\/www.edynmedspa.com\/appointments\/","og_locale":"en_US","og_type":"article","og_title":"Reserva Tu Cita en Edyn Med Spa - Spa en Miami","og_description":"Reserva tu cita en Edyn Med Spa, Miami. Usa nuestro sistema f\u00e1cil para agendar tratamientos de spa y belleza","og_url":"https:\/\/www.edynmedspa.com\/appointments\/","og_site_name":"Edyn Med Spa","article_modified_time":"2024-10-22T21:59:53+00:00","twitter_card":"summary_large_image","twitter_misc":{"Est. reading time":"2 minutes"},"schema":{"@context":"https:\/\/schema.org","@graph":[{"@type":["WebPage","ContactPage"],"@id":"https:\/\/www.edynmedspa.com\/appointments\/","url":"https:\/\/www.edynmedspa.com\/appointments\/","name":"Reserva Tu Cita en Edyn Med Spa - Spa en Miami","isPartOf":{"@id":"http:\/\/3.139.229.218\/en\/#website"},"datePublished":"2019-01-01T08:08:35+00:00","dateModified":"2024-10-22T21:59:53+00:00","description":"Reserva tu cita en Edyn Med Spa, Miami. Usa nuestro sistema f\u00e1cil para agendar tratamientos de spa y belleza","breadcrumb":{"@id":"https:\/\/www.edynmedspa.com\/appointments\/#breadcrumb"},"inLanguage":"en-US","potentialAction":[{"@type":"ReadAction","target":["https:\/\/www.edynmedspa.com\/appointments\/"]}]},{"@type":"BreadcrumbList","@id":"https:\/\/www.edynmedspa.com\/appointments\/#breadcrumb","itemListElement":[{"@type":"ListItem","position":1,"name":"Portada","item":"http:\/\/3.139.229.218\/en\/"},{"@type":"ListItem","position":2,"name":"Appointments"}]},{"@type":"WebSite","@id":"http:\/\/3.139.229.218\/en\/#website","url":"http:\/\/3.139.229.218\/en\/","name":"Edyn Med Spa","description":"Edyn Med Spa Miami","publisher":{"@id":"http:\/\/3.139.229.218\/en\/#organization"},"potentialAction":[{"@type":"SearchAction","target":{"@type":"EntryPoint","urlTemplate":"http:\/\/3.139.229.218\/en\/?s={search_term_string}"},"query-input":"required name=search_term_string"}],"inLanguage":"en-US"},{"@type":"Organization","@id":"http:\/\/3.139.229.218\/en\/#organization","name":"Edyn Med Spa","url":"http:\/\/3.139.229.218\/en\/","logo":{"@type":"ImageObject","inLanguage":"en-US","@id":"http:\/\/3.139.229.218\/en\/#\/schema\/logo\/image\/","url":"https:\/\/edynmedspa.com\/wp-content\/uploads\/2018\/10\/edyn_med_spa_color-1-removebg-preview.png","contentUrl":"https:\/\/edynmedspa.com\/wp-content\/uploads\/2018\/10\/edyn_med_spa_color-1-removebg-preview.png","width":500,"height":500,"caption":"Edyn Med Spa"},"image":{"@id":"http:\/\/3.139.229.218\/en\/#\/schema\/logo\/image\/"}}]}},"_links":{"self":[{"href":"https:\/\/edynmedspa.com\/en\/wp-json\/wp\/v2\/pages\/247","targetHints":{"allow":["GET"]}}],"collection":[{"href":"https:\/\/edynmedspa.com\/en\/wp-json\/wp\/v2\/pages"}],"about":[{"href":"https:\/\/edynmedspa.com\/en\/wp-json\/wp\/v2\/types\/page"}],"author":[{"embeddable":true,"href":"https:\/\/edynmedspa.com\/en\/wp-json\/wp\/v2\/users\/1"}],"replies":[{"embeddable":true,"href":"https:\/\/edynmedspa.com\/en\/wp-json\/wp\/v2\/comments?post=247"}],"version-history":[{"count":17,"href":"https:\/\/edynmedspa.com\/en\/wp-json\/wp\/v2\/pages\/247\/revisions"}],"predecessor-version":[{"id":16373,"href":"https:\/\/edynmedspa.com\/en\/wp-json\/wp\/v2\/pages\/247\/revisions\/16373"}],"wp:attachment":[{"href":"https:\/\/edynmedspa.com\/en\/wp-json\/wp\/v2\/media?parent=247"}],"curies":[{"name":"wp","href":"https:\/\/api.w.org\/{rel}","templated":true}]}}